{"id":129,"date":"2015-12-21T12:40:22","date_gmt":"2015-12-21T12:40:22","guid":{"rendered":"http:\/\/mithut.ch\/?page_id=129"},"modified":"2019-05-15T09:22:20","modified_gmt":"2019-05-15T09:22:20","slug":"theaterbiografie","status":"publish","type":"page","link":"https:\/\/mithut.ch\/?page_id=129","title":{"rendered":"Theaterbiografie"},"content":{"rendered":"<p>Die ersten Schritte auf einer B\u00fchne unternahm ich im Januar 2003, als das Jugendtheater <strong>Dunland<\/strong> in B\u00fclach aufgef\u00fchrt wurde. Seither hat mich das Spielen auf der B\u00fchne nicht mehr losgelassen und ich schl\u00fcpfte in den folgenden Jahren in die unterschiedlichsten Rollen. Beispielsweise durfte ich mich als b\u00f6ser Zauberer, <a href=\"http:\/\/mithut.ch\/wp-content\/uploads\/2015\/12\/buchhalter-e1450700885985.jpg\" target=\"_blank\" rel=\"noopener noreferrer\">tuntiger Buchhalter<\/a>,<a href=\"http:\/\/mithut.ch\/wp-content\/uploads\/2015\/12\/soldat.jpg\" target=\"_blank\" rel=\"noopener noreferrer\"> resignierter Soldat<\/a>, gewitzter Frauenheld (<a href=\"http:\/\/mithut.ch\/wp-content\/uploads\/2015\/12\/bettleroper.jpg\" target=\"_blank\" rel=\"noopener noreferrer\">hier<\/a> gerade im Kittchen), <a href=\"http:\/\/mithut.ch\/wp-content\/uploads\/2015\/12\/esel.jpg\" target=\"_blank\" rel=\"noopener noreferrer\">trotteliger Schauspieler mit Eselskopf<\/a> und als <a href=\"http:\/\/mithut.ch\/wp-content\/uploads\/2015\/12\/retard.jpg\" target=\"_blank\" rel=\"noopener noreferrer\">etwas zu langsamer Chefinspektor<\/a> auf der B\u00fchne austoben.<\/p>\n<p><span style=\"font-size: 12pt;\"><strong>Jugendarbeit B\u00fclach unter Lukas Forrer<\/strong><\/span><\/p>\n<table>\n<tbody>\n<tr>\n<td><span style=\"text-decoration: underline;\"><strong>St\u00fcck<\/strong><\/span><\/td>\n<td><span style=\"text-decoration: underline;\"><strong>Rolle<\/strong><\/span><\/td>\n<td><span style=\"text-decoration: underline;\"><strong>Autor<\/strong><\/span><\/td>\n<td><span style=\"text-decoration: underline;\"><strong>Regie<\/strong><\/span><\/td>\n<td><span style=\"text-decoration: underline;\"><strong>Jahr<\/strong><\/span><\/td>\n<\/tr>\n<tr>\n<td>Dunland<\/td>\n<td>Jarcol<\/td>\n<td>Lukas Forrer<\/td>\n<td>Lukas Forrer<\/td>\n<td>2003<\/td>\n<\/tr>\n<tr>\n<td>&#8222;?&#8220; Where is the love?<\/td>\n<td>Der Riese<\/td>\n<td>Lukas Forrer<\/td>\n<td>Lukas Forrer<\/td>\n<td>2006<\/td>\n<\/tr>\n<tr>\n<td>Krabat<\/td>\n<td>Der Meister<\/td>\n<td>Otfried Preussler<\/td>\n<td>Lukas Forrer<\/td>\n<td>2007<\/td>\n<\/tr>\n<\/tbody>\n<\/table>\n<hr \/>\n<p><span style=\"font-size: 12pt;\"><strong><a href=\"http:\/\/www.theater-cabi.ch\" target=\"_blank\" rel=\"noopener noreferrer\">Theaterverein CABI<\/a><\/strong><\/span><\/p>\n<table style=\"height: 410px;\" width=\"583\">\n<tbody>\n<tr>\n<td><span style=\"text-decoration: underline;\"><strong>St\u00fcck<\/strong><\/span><\/td>\n<td><span style=\"text-decoration: underline;\"><strong>Rolle<\/strong><\/span><\/td>\n<td><span style=\"text-decoration: underline;\"><strong>Autor<\/strong><\/span><\/td>\n<td><span style=\"text-decoration: underline;\"><strong>Jahr<\/strong><\/span><\/td>\n<\/tr>\n<tr>\n<td>Es verh\u00e4ngnisvolls Wuchen\u00e4nd<\/td>\n<td>Sebastian, Assistenzarzt<\/td>\n<td>Shirley Joan<\/td>\n<td>2006<\/td>\n<\/tr>\n<tr>\n<td>Diamante im Stroh<\/td>\n<td>Pfarrer Biedermann<\/td>\n<td>Claudia Gysel<\/td>\n<td>2007<\/td>\n<\/tr>\n<tr>\n<td>En unvertr\u00e4gliche Vertrag<\/td>\n<td>Gody B\u00fcttler<\/td>\n<td>John Chapman<\/td>\n<td>2008<\/td>\n<\/tr>\n<tr>\n<td>Zimmer 12a<\/td>\n<td>Hansruedi Schmid<\/td>\n<td>Anthony Marriott<\/td>\n<td>2011<\/td>\n<\/tr>\n<tr>\n<td>Bisch sicher?<\/td>\n<td>Jonas Klotz<\/td>\n<td>Peter Kaufmann<\/td>\n<td>2013<\/td>\n<\/tr>\n<tr>\n<td>Reini N\u00e4rvesach<\/td>\n<td>Stefan Schmid<\/td>\n<td>Wolfgang Binder<\/td>\n<td>2014<\/td>\n<\/tr>\n<tr>\n<td>Toskana Barbara<\/td>\n<td>Daniel Stocker<\/td>\n<td>Bernd Spehling<\/td>\n<td>2015<\/td>\n<\/tr>\n<tr>\n<td>Pretty Belinda<\/td>\n<td>Conny Miller<\/td>\n<td>Bernd Spehling<\/td>\n<td>2016<\/td>\n<\/tr>\n<tr>\n<td>Nume Zoff mit em Stoff<\/td>\n<td>Mario<\/td>\n<td>Bernd Gombold<\/td>\n<td>2017<\/td>\n<\/tr>\n<tr>\n<td>Da chasch Gift druf n\u00e4h<\/td>\n<td>K\u00fcde<\/td>\n<td>Janine Berger<\/td>\n<td>2018<\/td>\n<\/tr>\n<tr>\n<td>Love &amp; Peace i de Gmeindsverwaltig<\/td>\n<td>Tim Treiber<\/td>\n<td>Andreas Wening<\/td>\n<td>2019<\/td>\n<\/tr>\n<\/tbody>\n<\/table>\n<hr \/>\n<p><span style=\"font-size: 12pt;\"><strong><a href=\"http:\/\/dertheatermacher.ch\/theaterobertor\/\" target=\"_blank\" rel=\"noopener noreferrer\">Theaterensemble Obertor<\/a> unter Marius Leutenegger:<\/strong><\/span><\/p>\n<table>\n<tbody>\n<tr>\n<td><span style=\"text-decoration: underline;\"><strong>St\u00fcck<\/strong><\/span><\/td>\n<td><span style=\"text-decoration: underline;\"><strong>Rolle<\/strong><\/span><\/td>\n<td><span style=\"text-decoration: underline;\"><strong>Autor<\/strong><\/span><\/td>\n<td><span style=\"text-decoration: underline;\"><strong>Jahr<\/strong><\/span><\/td>\n<\/tr>\n<tr>\n<td>Romulus der Grosse<\/td>\n<td>\u00c4milian<\/td>\n<td>Friedrich D\u00fcrrenmatt<\/td>\n<td>2005<\/td>\n<\/tr>\n<tr>\n<td>Animal Farm<\/td>\n<td>Moses, der Rabe<\/td>\n<td>George Orwell<\/td>\n<td>2006<\/td>\n<\/tr>\n<tr>\n<td>Ein Sommernachtstraum<\/td>\n<td>Niklas Zettel<\/td>\n<td>William Shakespeare<\/td>\n<td>2007<\/td>\n<\/tr>\n<tr>\n<td>Die Bettleroper<\/td>\n<td>Macheath<\/td>\n<td>John Gay und Vaclav Havel<\/td>\n<td>2008<\/td>\n<\/tr>\n<\/tbody>\n<\/table>\n<hr \/>\n<p><span style=\"font-size: 12pt;\"><strong><a href=\"http:\/\/dertheatermacher.ch\/fraz\/\" target=\"_blank\" rel=\"noopener noreferrer\">Theaterensemble fraz?<\/a><\/strong><\/span><\/p>\n<table>\n<tbody>\n<tr>\n<td><span style=\"text-decoration: underline;\"><strong>St\u00fcck<\/strong><\/span><\/td>\n<td><span style=\"text-decoration: underline;\"><strong>Rolle<\/strong><\/span><\/td>\n<td><span style=\"text-decoration: underline;\"><strong>Autor<\/strong><\/span><\/td>\n<td><span style=\"text-decoration: underline;\"><strong>Jahr<\/strong><\/span><\/td>\n<\/tr>\n<tr>\n<td>Ein Caravaggio f\u00fcr G\u00f6ring<\/td>\n<td>Ein Kunde<br \/>\nToni<br \/>\nAdjutant Maier<br \/>\nChefinspektor Retard<br \/>\nKellner<\/td>\n<td>Marius Leutenegger<\/td>\n<td>2007<\/td>\n<\/tr>\n<\/tbody>\n<\/table>\n<hr \/>\n<p><strong><span style=\"font-size: 12pt;\"><a href=\"http:\/\/dertheatermacher.ch\/theaterundso\/\" target=\"_blank\" rel=\"noopener noreferrer\">Theaterundso!<\/a><\/span><br \/>\n<\/strong>Verschiedene Auftragsst\u00fccke, Sketche und Lesungen unter der Leitung von Marius Leutenegger<\/p>\n<table>\n<tbody>\n<tr>\n<td><span style=\"text-decoration: underline;\"><strong>St\u00fcck<\/strong><\/span><\/td>\n<td><span style=\"text-decoration: underline;\"><strong>Jahr<\/strong><\/span><\/td>\n<\/tr>\n<tr>\n<td>Das Theater mit Nachhaltigkeit<\/td>\n<td>2006<\/td>\n<\/tr>\n<tr>\n<td>Bon Ap!<\/td>\n<td>2007<\/td>\n<\/tr>\n<\/tbody>\n<\/table>\n<hr \/>\n<p><span style=\"font-size: 12pt;\"><strong><a href=\"http:\/\/www.facebook.com\/teatro.orfeo.zh\" target=\"_blank\" rel=\"noopener noreferrer\">teatro orfeo<\/a><\/strong><\/span><\/p>\n<table>\n<tbody>\n<tr>\n<td><span style=\"text-decoration: underline;\"><strong>St\u00fcck<\/strong><\/span><\/td>\n<td><span style=\"text-decoration: underline;\"><strong>Rolle<\/strong><\/span><\/td>\n<td><span style=\"text-decoration: underline;\"><strong>Autor<\/strong><\/span><\/td>\n<td><span style=\"text-decoration: underline;\"><strong>Regie<\/strong><\/span><\/td>\n<td><span style=\"text-decoration: underline;\"><strong>Jahr<\/strong><\/span><\/td>\n<\/tr>\n<tr>\n<td>Machen wir weiter<br \/>\n(nach <strong>Huis clos<\/strong>)<\/td>\n<td>James<\/td>\n<td>Jean-Paul Sartre<\/td>\n<td>Martin Willi<\/td>\n<td>2010<\/td>\n<\/tr>\n<tr>\n<td>Realit\u00e4t 1.1<br \/>\n(frei nach <strong>eXistenZ<br \/>\n<\/strong>von David Cronenberg)<\/td>\n<td>Teddy Carrol<\/td>\n<td>Sebastian M\u00f6hr<\/td>\n<td>Sebastian M\u00f6hr<br \/>\nMartin Willi<\/td>\n<td>2012<\/td>\n<\/tr>\n<tr>\n<td>Mensch made in<\/td>\n<td>Oliver von Eus<\/td>\n<td>Sebastian M\u00f6hr<br \/>\nMartin Willi<\/td>\n<td>Sebastian M\u00f6hr<br \/>\nMartin Willi<\/td>\n<td>2014<\/td>\n<\/tr>\n<tr>\n<td>Musen im Refugium<\/td>\n<td>Max Minelli<\/td>\n<td>Martin Willi<\/td>\n<td>Martin Willi<\/td>\n<td>2016<\/td>\n<\/tr>\n<tr>\n<td>ICH : ZERO<\/td>\n<td>Zero<\/td>\n<td>Sebastian M\u00f6hr<\/td>\n<td>Sebastian M\u00f6hr<br \/>\nMartin Willi<\/td>\n<td>2019<\/td>\n<\/tr>\n<\/tbody>\n<\/table>\n","protected":false},"excerpt":{"rendered":"<p>Die ersten Schritte auf einer B\u00fchne unternahm ich im Januar 2003, als das Jugendtheater Dunland in B\u00fclach aufgef\u00fchrt wurde. Seither hat mich das Spielen auf der B\u00fchne nicht mehr losgelassen und ich schl\u00fcpfte in den folgenden Jahren in die unterschiedlichsten Rollen. Beispielsweise durfte ich mich als b\u00f6ser Zauberer, tuntiger Buchhalter, &#8230;<\/p>\n","protected":false},"author":2,"featured_media":0,"parent":0,"menu_order":0,"comment_status":"closed","ping_status":"closed","template":"","meta":{"footnotes":""},"_links":{"self":[{"href":"https:\/\/mithut.ch\/index.php?rest_route=\/wp\/v2\/pages\/129"}],"collection":[{"href":"https:\/\/mithut.ch\/index.php?rest_route=\/wp\/v2\/pages"}],"about":[{"href":"https:\/\/mithut.ch\/index.php?rest_route=\/wp\/v2\/types\/page"}],"author":[{"embeddable":true,"href":"https:\/\/mithut.ch\/index.php?rest_route=\/wp\/v2\/users\/2"}],"replies":[{"embeddable":true,"href":"https:\/\/mithut.ch\/index.php?rest_route=%2Fwp%2Fv2%2Fcomments&post=129"}],"version-history":[{"count":27,"href":"https:\/\/mithut.ch\/index.php?rest_route=\/wp\/v2\/pages\/129\/revisions"}],"predecessor-version":[{"id":351,"href":"https:\/\/mithut.ch\/index.php?rest_route=\/wp\/v2\/pages\/129\/revisions\/351"}],"wp:attachment":[{"href":"https:\/\/mithut.ch\/index.php?rest_route=%2Fwp%2Fv2%2Fmedia&parent=129"}],"curies":[{"name":"wp","href":"https:\/\/api.w.org\/{rel}","templated":true}]}}