{"id":16,"date":"2015-12-08T15:06:38","date_gmt":"2015-12-08T15:06:38","guid":{"rendered":"http:\/\/mithut.ch\/?page_id=16"},"modified":"2016-01-12T11:36:56","modified_gmt":"2016-01-12T11:36:56","slug":"ueber-mich","status":"publish","type":"page","link":"https:\/\/mithut.ch\/","title":{"rendered":"Home"},"content":{"rendered":"<p>Hallo liebe Menschen<\/p>\n<p>Sch\u00f6n, dass Sie sich auf meine Seite verirrt haben.<br \/>\nEine Seite &#8211; eine kleine zumindest &#8211; auf der man ein bisschen was \u00fcber mich, den Menschen, den Theater- und Literaturfan und \u00fcberzeugten Huttr\u00e4ger Matthias Ettlin erfahren kann.<\/p>\n<p>Ich liebe gute Geschichten. Das Lesen, das Abtauchen, das Erleben.\u00a0Und besonders gerne lese ich vor \u2013 wenn Sie m\u00f6chten, dann vielleicht auch bald <a href=\"http:\/\/mithut.ch\/?page_id=55\">f\u00fcr Sie<\/a>.<\/p>\n<p><img loading=\"lazy\" decoding=\"async\" class=\"wp-image-41 size-medium aligncenter\" src=\"http:\/\/mithut.ch\/wp-content\/uploads\/2015\/12\/Logo-kleiner-250x300.jpg\" alt=\"Logo kleiner\" width=\"250\" height=\"300\" srcset=\"https:\/\/mithut.ch\/wp-content\/uploads\/2015\/12\/Logo-kleiner-250x300.jpg 250w, https:\/\/mithut.ch\/wp-content\/uploads\/2015\/12\/Logo-kleiner.jpg 336w\" sizes=\"(max-width: 250px) 100vw, 250px\" \/><br \/>\nUnd: Entschuldigung an alle Hutgesch\u00e4fte, denen ich diese Domain weggeschnappt habe.\u00a0Ich hoffe das Internet ist gross genug f\u00fcr uns alle.<\/p>\n","protected":false},"excerpt":{"rendered":"<p>Hallo liebe Menschen Sch\u00f6n, dass Sie sich auf meine Seite verirrt haben. Eine Seite &#8211; eine kleine zumindest &#8211; auf der man ein bisschen was \u00fcber mich, den Menschen, den Theater- und Literaturfan und \u00fcberzeugten Huttr\u00e4ger Matthias Ettlin erfahren kann. Ich liebe gute Geschichten. Das Lesen, das Abtauchen, das Erleben.\u00a0Und &#8230;<\/p>\n","protected":false},"author":1,"featured_media":0,"parent":0,"menu_order":0,"comment_status":"closed","ping_status":"closed","template":"","meta":{"footnotes":""},"_links":{"self":[{"href":"https:\/\/mithut.ch\/index.php?rest_route=\/wp\/v2\/pages\/16"}],"collection":[{"href":"https:\/\/mithut.ch\/index.php?rest_route=\/wp\/v2\/pages"}],"about":[{"href":"https:\/\/mithut.ch\/index.php?rest_route=\/wp\/v2\/types\/page"}],"author":[{"embeddable":true,"href":"https:\/\/mithut.ch\/index.php?rest_route=\/wp\/v2\/users\/1"}],"replies":[{"embeddable":true,"href":"https:\/\/mithut.ch\/index.php?rest_route=%2Fwp%2Fv2%2Fcomments&post=16"}],"version-history":[{"count":23,"href":"https:\/\/mithut.ch\/index.php?rest_route=\/wp\/v2\/pages\/16\/revisions"}],"predecessor-version":[{"id":205,"href":"https:\/\/mithut.ch\/index.php?rest_route=\/wp\/v2\/pages\/16\/revisions\/205"}],"wp:attachment":[{"href":"https:\/\/mithut.ch\/index.php?rest_route=%2Fwp%2Fv2%2Fmedia&parent=16"}],"curies":[{"name":"wp","href":"https:\/\/api.w.org\/{rel}","templated":true}]}}