{"id":66,"date":"2015-12-16T15:58:14","date_gmt":"2015-12-16T15:58:14","guid":{"rendered":"http:\/\/mithut.ch\/?page_id=66"},"modified":"2019-08-06T09:37:17","modified_gmt":"2019-08-06T09:37:17","slug":"portrait-3","status":"publish","type":"page","link":"https:\/\/mithut.ch\/?page_id=66","title":{"rendered":"Portrait"},"content":{"rendered":"<p>Mein Name ist Matthias.<br \/>\nEttlin der Nachname.<br \/>\nJahrgang 1986.<br \/>\nBei den &#8222;Drei ???&#8220; w\u00e4re ich Bob Andrews<br \/>\n<a href=\"http:\/\/mithut.ch\/?page_id=129\" target=\"_blank\" rel=\"noopener noreferrer\">Theater <\/a>finde ich gut.<br \/>\nGut geschriebene Texte mag ich noch mehr.<br \/>\nSolche lese ich manchmal vor.<br \/>\nIch kann ohne St\u00fctzr\u00e4der Fahrrad fahren.<br \/>\nManchmal <a href=\"http:\/\/mithut.ch\/wp-content\/uploads\/2015\/12\/b\u00fchne.jpg\">stehe ich auf einer B\u00fchne<\/a>.<br \/>\nManchmal <a href=\"http:\/\/mithut.ch\/wp-content\/uploads\/2015\/12\/stuhl.jpg\">nicht<\/a>.<br \/>\nManchmal <a href=\"http:\/\/mithut.ch\/wp-content\/uploads\/2015\/12\/3.jpg\">sitze ich auf einem Stuhl<\/a>.<br \/>\nHin und wieder\u00a0muss ich Nachts\u00a0raus. So wie Batman.<\/p>\n<p><img loading=\"lazy\" decoding=\"async\" class=\"alignnone wp-image-27 size-medium\" src=\"http:\/\/mithut.ch\/wp-content\/uploads\/2015\/12\/IMG_6086-250x300.jpg\" alt=\"IMG_6086\" width=\"250\" height=\"300\" srcset=\"https:\/\/mithut.ch\/wp-content\/uploads\/2015\/12\/IMG_6086-250x300.jpg 250w, https:\/\/mithut.ch\/wp-content\/uploads\/2015\/12\/IMG_6086-853x1024.jpg 853w, https:\/\/mithut.ch\/wp-content\/uploads\/2015\/12\/IMG_6086.jpg 1410w\" sizes=\"(max-width: 250px) 100vw, 250px\" \/><\/p>\n","protected":false},"excerpt":{"rendered":"<p>Mein Name ist Matthias. Ettlin der Nachname. Jahrgang 1986. Bei den &#8222;Drei ???&#8220; w\u00e4re ich Bob Andrews Theater finde ich gut. Gut geschriebene Texte mag ich noch mehr. Solche lese ich manchmal vor. Ich kann ohne St\u00fctzr\u00e4der Fahrrad fahren. Manchmal stehe ich auf einer B\u00fchne. Manchmal nicht. Manchmal sitze ich &#8230;<\/p>\n","protected":false},"author":2,"featured_media":0,"parent":0,"menu_order":0,"comment_status":"closed","ping_status":"closed","template":"","meta":{"footnotes":""},"_links":{"self":[{"href":"https:\/\/mithut.ch\/index.php?rest_route=\/wp\/v2\/pages\/66"}],"collection":[{"href":"https:\/\/mithut.ch\/index.php?rest_route=\/wp\/v2\/pages"}],"about":[{"href":"https:\/\/mithut.ch\/index.php?rest_route=\/wp\/v2\/types\/page"}],"author":[{"embeddable":true,"href":"https:\/\/mithut.ch\/index.php?rest_route=\/wp\/v2\/users\/2"}],"replies":[{"embeddable":true,"href":"https:\/\/mithut.ch\/index.php?rest_route=%2Fwp%2Fv2%2Fcomments&post=66"}],"version-history":[{"count":13,"href":"https:\/\/mithut.ch\/index.php?rest_route=\/wp\/v2\/pages\/66\/revisions"}],"predecessor-version":[{"id":353,"href":"https:\/\/mithut.ch\/index.php?rest_route=\/wp\/v2\/pages\/66\/revisions\/353"}],"wp:attachment":[{"href":"https:\/\/mithut.ch\/index.php?rest_route=%2Fwp%2Fv2%2Fmedia&parent=66"}],"curies":[{"name":"wp","href":"https:\/\/api.w.org\/{rel}","templated":true}]}}