{"id":72,"date":"2015-12-18T11:28:20","date_gmt":"2015-12-18T11:28:20","guid":{"rendered":"http:\/\/mithut.ch\/?page_id=72"},"modified":"2022-06-29T21:24:06","modified_gmt":"2022-06-29T21:24:06","slug":"bildergalerie","status":"publish","type":"page","link":"https:\/\/mithut.ch\/?page_id=72","title":{"rendered":"Bildergalerie"},"content":{"rendered":"<p>An Lesungen rennt nicht permanent jemand mit einer Kamera rum, daher gibt es hier nur wenige, daf\u00fcr spezielle Bildbeweise von ein paar meiner Lesungen.<\/p>\n<p><strong><a href=\"https:\/\/mithut.ch\/?page_id=364\">Familienkonzert 2022 &#8211; Stadtmusik Kloten<\/a><\/strong><br \/>\nDer Wind in den Weiden &#8211; was f\u00fcr eine tolle Geschichte! Umso toller fand ich, dass die <a href=\"https:\/\/stadtmusik-kloten.ch\/2022\/03\/10\/familienkonzert-2022\/\">Stadtmusik Klote<\/a>n die Musik von Johan de Meij, die er eigens f\u00fcr die Geschichte von Kenneth Grahame komponierte, an ihrem Familienkonzert spielte und mich die passenden Passagen vorlesen liess &#8211; in der Kanzel der reformierten Kirche noch dazu! Es war ein grosser Spass.<\/p>\n<p><a href=\"https:\/\/mithut.ch\/?page_id=375\"><strong>Geschichten im Park 2021<\/strong><\/a><br \/>\nEin sch\u00f6nes Projekt &#8211; und so angenehm simpel: im heimeligen Park hinter dem sch\u00f6nen Hegnerhof werden auf einer kleinen B\u00fchne Geschichten erz\u00e4hlt. Theater, Musik oder Poetry Slam &#8211; alles ist erlaubt. Mit einer klassischen Lesung von witzigen Kurzgeschichten war ich Teil des <a href=\"https:\/\/geschichten-im-park.ch\/#gallery\">Abendprogramms<\/a>. Das Publikum sass \u00fcbrigens unter freiem Sternenhimmel gem\u00fctlich auf Strohballen. Wenn das nicht romantisch ist, weiss ich auch nicht&#8230;<\/p>\n<p><strong><a href=\"http:\/\/mithut.ch\/?page_id=332\">Lesung und Bierdegustation<\/a><\/strong><br \/>\nDer Sommer l\u00e4dt ein, abends l\u00e4nger draussen zu sitzen und sich mit einem k\u00fchlen Getr\u00e4nk zu erfrischen \u2013 und sich vielleicht auch etwas unterhalten zu lassen. Genau daf\u00fcr hat die <a href=\"https:\/\/www.facebook.com\/Stadtbibliothek.Kloten\">Stadtbibliothek Kloten<\/a> einen Anlass auf der Gartenfl\u00e4che hinter ihrem Haus organisiert. Ich gab eine locker-leichte Sommerlesung aus klassischen Erz\u00e4hlungen, absurden Storys aus dem Internet und sommerlichen Kurzgeschichten zum Besten. Umrahmt wurde die Lesung von einer Degustation feinster Sommerbiere aus dem Klotener Craftbier-Shop \u201eThe Crafts\u201c.<\/p>\n<p><a href=\"http:\/\/mithut.ch\/?page_id=85\" target=\"_blank\" rel=\"noopener\"><strong>Bierlesung The Crafts<\/strong><br \/>\n<\/a>Der noch junge, aber spritzige Biershop <a href=\"http:\/\/www.thecrafts.ch\" target=\"_blank\" rel=\"noopener\">The Crafts<\/a> in Kloten wollte eine Lesung rund um Bier \u00a0&#8211; und hat diese auch bekommen.<\/p>\n<p><strong><a href=\"http:\/\/mithut.ch\/?page_id=305\">Feuerzangenbowle 2016<\/a><\/strong><br \/>\n<strong> <a href=\"http:\/\/mithut.ch\/?page_id=79\" target=\"_blank\" rel=\"noopener\">Feuerzangenbowle 2012<\/a><\/strong><a href=\"http:\/\/mithut.ch\/?page_id=79\" target=\"_blank\" rel=\"noopener\"><br \/>\n<\/a>Die Feuerzangenbowle in der <a href=\"http:\/\/www.hibou.ch\" target=\"_blank\" rel=\"noopener\">Buchhandlung Hibou<\/a> hat Tradition &#8211; und ich freue mich jedes Jahr wieder Weihnachtsgeschichten vorzulesen, um die Adventszeit einzul\u00e4uten.<\/p>\n<p><a href=\"http:\/\/mithut.ch\/?page_id=196\" target=\"_blank\" rel=\"noopener\"><strong>Bierlesung K\u00fcndig Br\u00e4u<\/strong><br \/>\n<\/a>Und wieder etwas \u00fcber Bier &#8211; diesmal in einer richtigen <a href=\"http:\/\/www.kuendigbrau.ch\/\" target=\"_blank\" rel=\"noopener\">Brauerei!<\/a><br \/>\nGanz seri\u00f6s\u00a0im Rahmen der Zurzacher Kulturnacht.<br \/>\n<em>(Der Fotograf ist \u00fcbrigens grosser Fan der lokalen Cervisia)<\/em><\/p>\n<p><strong>Sicherheitsvideo der <a href=\"https:\/\/vbzonline.ch\/\">VBZ-Z\u00fcrilinie<\/a><\/strong><\/p>\n<p><iframe loading=\"lazy\" title=\"VBZ tramattendant\" width=\"660\" height=\"371\" src=\"https:\/\/www.youtube.com\/embed\/_re9MdTRTHg?feature=oembed\" frameborder=\"0\" allow=\"accelerometer; autoplay; clipboard-write; encrypted-media; gyroscope; picture-in-picture\" allowfullscreen><\/iframe><\/p>\n<p>&nbsp;<\/p>\n<p>Videoclip <strong>Virus<\/strong> von <strong>The Moonling<\/strong><\/p>\n<p>Die Jungs von <a href=\"http:\/\/www.themoonling.ch\">The Moonling<\/a> brauchten noch einen Moderator f\u00fcr ihre Roboapokalypse. Da habe ich doch gern geholfen:<\/p>\n<p><iframe loading=\"lazy\" title=\"The Moonling - Virus\" width=\"660\" height=\"371\" src=\"https:\/\/www.youtube.com\/embed\/w9Vlzk3kPdM?feature=oembed\" frameborder=\"0\" allow=\"accelerometer; autoplay; clipboard-write; encrypted-media; gyroscope; picture-in-picture\" allowfullscreen><\/iframe><\/p>\n","protected":false},"excerpt":{"rendered":"<p>An Lesungen rennt nicht permanent jemand mit einer Kamera rum, daher gibt es hier nur wenige, daf\u00fcr spezielle Bildbeweise von ein paar meiner Lesungen. Familienkonzert 2022 &#8211; Stadtmusik Kloten Der Wind in den Weiden &#8211; was f\u00fcr eine tolle Geschichte! Umso toller fand ich, dass die Stadtmusik Kloten die Musik &#8230;<\/p>\n","protected":false},"author":2,"featured_media":0,"parent":0,"menu_order":0,"comment_status":"closed","ping_status":"closed","template":"","meta":{"footnotes":""},"_links":{"self":[{"href":"https:\/\/mithut.ch\/index.php?rest_route=\/wp\/v2\/pages\/72"}],"collection":[{"href":"https:\/\/mithut.ch\/index.php?rest_route=\/wp\/v2\/pages"}],"about":[{"href":"https:\/\/mithut.ch\/index.php?rest_route=\/wp\/v2\/types\/page"}],"author":[{"embeddable":true,"href":"https:\/\/mithut.ch\/index.php?rest_route=\/wp\/v2\/users\/2"}],"replies":[{"embeddable":true,"href":"https:\/\/mithut.ch\/index.php?rest_route=%2Fwp%2Fv2%2Fcomments&post=72"}],"version-history":[{"count":28,"href":"https:\/\/mithut.ch\/index.php?rest_route=\/wp\/v2\/pages\/72\/revisions"}],"predecessor-version":[{"id":380,"href":"https:\/\/mithut.ch\/index.php?rest_route=\/wp\/v2\/pages\/72\/revisions\/380"}],"wp:attachment":[{"href":"https:\/\/mithut.ch\/index.php?rest_route=%2Fwp%2Fv2%2Fmedia&parent=72"}],"curies":[{"name":"wp","href":"https:\/\/api.w.org\/{rel}","templated":true}]}}